{"id":1260,"date":"2025-02-11T11:17:23","date_gmt":"2025-02-11T14:17:23","guid":{"rendered":"https:\/\/xjump.com.br\/about\/"},"modified":"2025-06-18T12:16:07","modified_gmt":"2025-06-18T15:16:07","slug":"about","status":"publish","type":"page","link":"https:\/\/xjump.com.br\/en\/about\/","title":{"rendered":"About"},"content":{"rendered":"<div class=\"wp-block-uagb-container uagb-block-7fa683e6 alignfull uagb-is-root-container\"><div class=\"uagb-container-inner-blocks-wrap\">\n<div class=\"wp-block-uagb-advanced-heading uagb-block-74b342eb\"><h1 class=\"uagb-heading-text\">Meet the Founders<\/h1><\/div>\n<\/div><\/div>\n\n\n\n<div class=\"wp-block-uagb-container uagb-block-94ded581 alignfull uagb-is-root-container\"><div class=\"uagb-container-inner-blocks-wrap\">\n<div class=\"wp-block-uagb-advanced-heading uagb-block-671f3570\"><h2 class=\"uagb-heading-text\">This is us<\/h2><\/div>\n\n\n\n<div class=\"wp-block-uagb-container uag-hide-desktop uag-hide-tab uag-hide-mob uagb-block-21891d52\">\n<div class=\"wp-block-uagb-container uagb-block-8a4a99e4\">\n<div class=\"wp-block-uagb-image alignleft uagb-block-e71a6b83 wp-block-uagb-image--layout-default wp-block-uagb-image--effect-static wp-block-uagb-image--align-left\"><figure class=\"wp-block-uagb-image__figure\"><img decoding=\"async\" srcset=\"https:\/\/xjump.com.br\/wp-content\/uploads\/2025\/02\/Xjump-Andre-Doro.webp ,https:\/\/xjump.com.br\/wp-content\/uploads\/2025\/02\/Xjump-Andre-Doro.webp 780w, https:\/\/xjump.com.br\/wp-content\/uploads\/2025\/02\/Xjump-Andre-Doro.webp 360w\" sizes=\"auto, (max-width: 480px) 150px\" src=\"https:\/\/xjump.com.br\/wp-content\/uploads\/2025\/02\/Xjump-Andre-Doro.webp\" alt=\"\" class=\"uag-image-182\" width=\"450\" height=\"614\" title=\"Xjump Andre Doro\" loading=\"lazy\" role=\"img\"\/><\/figure><\/div>\n<\/div>\n\n\n\n<div class=\"wp-block-uagb-container uagb-block-7e959f87\">\n<div class=\"wp-block-uagb-info-box uagb-block-4960c374 uagb-infobox__content-wrap  uagb-infobox-icon-above-title uagb-infobox-image-valign-top\"><div class=\"uagb-ifb-content\"><div class=\"uagb-ifb-title-wrap\"><h3 class=\"uagb-ifb-title\">Andre Doro<br>CEO and co-founder.<\/h3><\/div><p class=\"uagb-ifb-desc\">Andr\u00e9 Doro is a high-performance International Strategic Executive, results-driven with a successful track record as a CIO in global organizations (Embraer, Electrolux, Carrefour, Arezzo, BRFoods), and extensive knowledge of business processes across a variety of industries, including aerospace, manufacturing (lean manufacturing), consumer goods, retail, among others. He has provided C-Level services and management consulting to drive growth, profit, excellence, and positive organizational change.<br>Doro holds a degree in Computer Science, a postgraduate degree in Network Technology, a Master\u2019s from UC Berkeley-USA, and an MBA in Finance. He also holds several other technical certifications (ITIL, COBIT, SixSigma, among others).<br>Finally, he has lived abroad several times (Sweden, France, USA), playing key roles in international companies across different cultures. He speaks Portuguese, English, and is able to bridge between Spanish and French.<\/p><\/div><\/div>\n<\/div>\n<\/div>\n<\/div><\/div>\n\n\n\n<div class=\"wp-block-uagb-container uagb-block-1abbf691 alignfull uagb-is-root-container\"><div class=\"uagb-container-inner-blocks-wrap\">\n<div class=\"wp-block-uagb-container uagb-block-a44357b2\">\n<div class=\"wp-block-uagb-container uagb-block-061ed84e\">\n<div class=\"wp-block-uagb-image alignleft uagb-block-ea5811af wp-block-uagb-image--layout-default wp-block-uagb-image--effect-static wp-block-uagb-image--align-left\"><figure class=\"wp-block-uagb-image__figure\"><img decoding=\"async\" srcset=\"https:\/\/xjump.com.br\/wp-content\/uploads\/2025\/02\/Xjump-Gustavo-Escobar.webp ,https:\/\/xjump.com.br\/wp-content\/uploads\/2025\/02\/Xjump-Gustavo-Escobar.webp 780w, https:\/\/xjump.com.br\/wp-content\/uploads\/2025\/02\/Xjump-Gustavo-Escobar.webp 360w\" sizes=\"auto, (max-width: 480px) 150px\" src=\"https:\/\/xjump.com.br\/wp-content\/uploads\/2025\/02\/Xjump-Gustavo-Escobar.webp\" alt=\"\" class=\"uag-image-184\" width=\"450\" height=\"420\" title=\"Xjump Gustavo Escobar\" loading=\"lazy\" role=\"img\"\/><\/figure><\/div>\n<\/div>\n\n\n\n<div class=\"wp-block-uagb-container uagb-block-0f4674f0\">\n<div class=\"wp-block-uagb-info-box uagb-block-052ba6e6 uagb-infobox__content-wrap  uagb-infobox-icon-above-title uagb-infobox-image-valign-top\"><div class=\"uagb-ifb-content\"><div class=\"uagb-ifb-title-wrap\"><h3 class=\"uagb-ifb-title\">Gustavo Escobar<br>COO and co-founder.<\/h3><\/div><p class=\"uagb-ifb-desc\">Gustavo Escobar has achieved concrete results in executing strategies and leading teams as Software Industrial Engineering Manager and General Factory Manager in global organizations (Safran, Ericsson, Idemia) and has a broad understanding of business processes across a range of operations (Finance, Engineering, Business Strategy, Sales, Logistics, Security).<br>He has held strategic positions as a transformation leader for global sectors (Security, Engineering Services, Telecom), being responsible for delivering aggressive savings and shaping long-term projects aimed at service quality, technological growth, and profitable results.<br>Gustavo holds a degree in Computer Science and has a Green Belt Lean Sigma certification.<br>Gustavo has over 20 years of experience working for international companies and is constantly networking with different cultures. He speaks Portuguese, Spanish, and English.<\/p><\/div><\/div>\n<\/div>\n<\/div>\n<\/div><\/div>\n\n\n\n<div class=\"wp-block-uagb-container uagb-block-cc344175 alignfull uagb-is-root-container\"><div class=\"uagb-container-inner-blocks-wrap\">\n<div class=\"wp-block-uagb-advanced-heading uagb-block-7b2294a3\"><h2 class=\"uagb-heading-text\">Our Values<\/h2><p class=\"uagb-desc-text\">At XJUMP, we were born with the purpose of accelerating the transformation of companies, driving them beyond their time through Quantum Transformation. Our global expertise and unique approach enable us to be the One-Stop-Shop for radical transformations in processes, technology, and services.<\/p><\/div>\n\n\n\n<div class=\"wp-block-uagb-container uagb-block-ecb8dade\">\n<div class=\"wp-block-uagb-advanced-heading uagb-block-bef7d43a\"><h3 class=\"uagb-heading-text\">Global Excellence<\/h3><p class=\"uagb-desc-text\">\u2013 We combine international C-level experience with deep local knowledge<br>\u2013 Proven track record in multiple markets and cultures<br>\u2013 Expertise in global methodologies (Agile, Scrum, DevSecOps)<br>\u2013 World-class governance (COBIT, ITIL, ISAC)<\/p><\/div>\n\n\n\n<div class=\"wp-block-uagb-advanced-heading uagb-block-b863782d\"><h3 class=\"uagb-heading-text\">Radical Transformation<\/h3><p class=\"uagb-desc-text\">\u2013 End-to-end approach in complex transformations<br>\u2013 Customized solutions for every challenge<br>\u2013 Integration of advanced technologies (IoT, AI, RPA)<br>\u2013 Focus on tangible and measurable results<\/p><\/div>\n\n\n\n<div class=\"wp-block-uagb-advanced-heading uagb-block-9f890ad2\"><h3 class=\"uagb-heading-text\">Pragmatic Innovation<\/h3><p class=\"uagb-desc-text\">\u2013 Development of tailor-made solutions<br>\u2013 Application of agile methodologies and governance frameworks<br>\u2013 Modernization of processes and technologies<br>\u2013 Integrated and simplified approach to business transformation<\/p><\/div>\n\n\n\n<div class=\"wp-block-uagb-advanced-heading uagb-block-0614a637\"><h3 class=\"uagb-heading-text\">Commitment to Results<\/h3><p class=\"uagb-desc-text\">\u2013 Experienced team from C-level to execution<br>\u2013 Solutions that go beyond software and hardware<br>\u2013 Expertise across multiple sectors and markets<br>\u2013 Focus on sustainable success journeys<\/p><\/div>\n<\/div>\n\n\n\n<ul class=\"wp-block-outermost-social-sharing is-layout-flex wp-block-social-sharing-is-layout-flex\"><\/ul>\n\n\n\n<p><\/p>\n\n\n\n<p>Our strength comes from the unique combination of international executive experience, deep technical knowledge, and proven execution capability in complex transformations.<\/p>\n<\/div><\/div>\n\n\n\n<div class=\"wp-block-uagb-container uagb-block-c84325e4 alignfull uagb-is-root-container\"><div class=\"uagb-container-inner-blocks-wrap\">\n<div class=\"wp-block-uagb-info-box uagb-block-d8a09d88 uagb-infobox__content-wrap  uagb-infobox-icon-above-title uagb-infobox-image-valign-top\"><div class=\"uagb-ifb-content\"><div class=\"uagb-ifb-title-wrap\"><h2 class=\"uagb-ifb-title\">Ready to Get Started?<\/h2><\/div><p class=\"uagb-ifb-desc\">Contact us and discover how XJUMP can drive your business\u2019s digital transformation today.<\/p><div class=\"uagb-ifb-button-wrapper wp-block-button\"><a href=\"\/en\/contact\/\" class=\"uagb-infobox-cta-link wp-block-button__link\" target=\"_self\" rel=\"noopener noreferrer\" onclick=\"return true;\" alt=\"\"><span class=\"uagb-inline-editing\">Discover More<\/span><\/a><\/div><\/div><\/div>\n<\/div><\/div>","protected":false},"excerpt":{"rendered":"<p>Conhe\u00e7a os fundadores ESSES SOMOS N\u00d3S Nossos Valores Na XJUMP, nascemos com o prop\u00f3sito de acelerar a transforma\u00e7\u00e3o de empresas, [&hellip;]<\/p>","protected":false},"author":1,"featured_media":0,"parent":0,"menu_order":0,"comment_status":"closed","ping_status":"closed","template":"","meta":{"_uag_custom_page_level_css":"","site-sidebar-layout":"default","site-content-layout":"","ast-site-content-layout":"default","site-content-style":"default","site-sidebar-style":"default","ast-global-header-display":"","ast-banner-title-visibility":"","ast-main-header-display":"","ast-hfb-above-header-display":"","ast-hfb-below-header-display":"","ast-hfb-mobile-header-display":"","site-post-title":"disabled","ast-breadcrumbs-content":"","ast-featured-img":"","footer-sml-layout":"","theme-transparent-header-meta":"enabled","adv-header-id-meta":"","stick-header-meta":"","header-above-stick-meta":"","header-main-stick-meta":"","header-below-stick-meta":"","astra-migrate-meta-layouts":"set","ast-page-background-enabled":"default","ast-page-background-meta":{"desktop":{"background-color":"var(--ast-global-color-4)","background-image":"","background-repeat":"repeat","background-position":"center center","background-size":"auto","background-attachment":"scroll","background-type":"","background-media":"","overlay-type":"","overlay-color":"","overlay-opacity":"","overlay-gradient":""},"tablet":{"background-color":"","background-image":"","background-repeat":"repeat","background-position":"center center","background-size":"auto","background-attachment":"scroll","background-type":"","background-media":"","overlay-type":"","overlay-color":"","overlay-opacity":"","overlay-gradient":""},"mobile":{"background-color":"","background-image":"","background-repeat":"repeat","background-position":"center center","background-size":"auto","background-attachment":"scroll","background-type":"","background-media":"","overlay-type":"","overlay-color":"","overlay-opacity":"","overlay-gradient":""}},"ast-content-background-meta":{"desktop":{"background-color":"var(--ast-global-color-5)","background-image":"","background-repeat":"repeat","background-position":"center center","background-size":"auto","background-attachment":"scroll","background-type":"","background-media":"","overlay-type":"","overlay-color":"","overlay-opacity":"","overlay-gradient":""},"tablet":{"background-color":"var(--ast-global-color-5)","background-image":"","background-repeat":"repeat","background-position":"center center","background-size":"auto","background-attachment":"scroll","background-type":"","background-media":"","overlay-type":"","overlay-color":"","overlay-opacity":"","overlay-gradient":""},"mobile":{"background-color":"var(--ast-global-color-5)","background-image":"","background-repeat":"repeat","background-position":"center center","background-size":"auto","background-attachment":"scroll","background-type":"","background-media":"","overlay-type":"","overlay-color":"","overlay-opacity":"","overlay-gradient":""}},"_joinchat":[],"footnotes":""},"class_list":["post-1260","page","type-page","status-publish","hentry"],"yoast_head":"<!-- This site is optimized with the Yoast SEO plugin v25.3 - https:\/\/yoast.com\/wordpress\/plugins\/seo\/ -->\n<title>About - XJUMP Quantic Business Transformation<\/title>\n<meta name=\"robots\" content=\"index, follow, max-snippet:-1, max-image-preview:large, max-video-preview:-1\" \/>\n<link rel=\"canonical\" href=\"https:\/\/xjump.com.br\/en\/about\/\" \/>\n<meta property=\"og:locale\" content=\"en_US\" \/>\n<meta property=\"og:type\" content=\"article\" \/>\n<meta property=\"og:title\" content=\"About - XJUMP Quantic Business Transformation\" \/>\n<meta property=\"og:description\" content=\"Conhe\u00e7a os fundadores ESSES SOMOS N\u00d3S Nossos Valores Na XJUMP, nascemos com o prop\u00f3sito de acelerar a transforma\u00e7\u00e3o de empresas, [&hellip;]\" \/>\n<meta property=\"og:url\" content=\"https:\/\/xjump.com.br\/en\/about\/\" \/>\n<meta property=\"og:site_name\" content=\"XJUMP Quantic Business Transformation\" \/>\n<meta property=\"article:modified_time\" content=\"2025-06-18T15:16:07+00:00\" \/>\n<meta property=\"og:image\" content=\"https:\/\/xjump.com.br\/wp-content\/uploads\/2025\/02\/Xjump-Andre-Doro.webp\" \/>\n<meta name=\"twitter:card\" content=\"summary_large_image\" \/>\n<meta name=\"twitter:label1\" content=\"Est. reading time\" \/>\n\t<meta name=\"twitter:data1\" content=\"4 minutes\" \/>\n<script type=\"application\/ld+json\" class=\"yoast-schema-graph\">{\"@context\":\"https:\/\/schema.org\",\"@graph\":[{\"@type\":\"WebPage\",\"@id\":\"https:\/\/xjump.com.br\/about\/\",\"url\":\"https:\/\/xjump.com.br\/about\/\",\"name\":\"About - XJUMP Quantic Business Transformation\",\"isPartOf\":{\"@id\":\"https:\/\/xjump.com.br\/#website\"},\"primaryImageOfPage\":{\"@id\":\"https:\/\/xjump.com.br\/about\/#primaryimage\"},\"image\":{\"@id\":\"https:\/\/xjump.com.br\/about\/#primaryimage\"},\"thumbnailUrl\":\"https:\/\/xjump.com.br\/wp-content\/uploads\/2025\/02\/Xjump-Andre-Doro.webp\",\"datePublished\":\"2025-02-11T14:17:23+00:00\",\"dateModified\":\"2025-06-18T15:16:07+00:00\",\"breadcrumb\":{\"@id\":\"https:\/\/xjump.com.br\/about\/#breadcrumb\"},\"inLanguage\":\"en-US\",\"potentialAction\":[{\"@type\":\"ReadAction\",\"target\":[\"https:\/\/xjump.com.br\/about\/\"]}]},{\"@type\":\"ImageObject\",\"inLanguage\":\"en-US\",\"@id\":\"https:\/\/xjump.com.br\/about\/#primaryimage\",\"url\":\"https:\/\/xjump.com.br\/wp-content\/uploads\/2025\/02\/Xjump-Andre-Doro.webp\",\"contentUrl\":\"https:\/\/xjump.com.br\/wp-content\/uploads\/2025\/02\/Xjump-Andre-Doro.webp\"},{\"@type\":\"BreadcrumbList\",\"@id\":\"https:\/\/xjump.com.br\/about\/#breadcrumb\",\"itemListElement\":[{\"@type\":\"ListItem\",\"position\":1,\"name\":\"In\u00edcio\",\"item\":\"https:\/\/xjump.com.br\/\"},{\"@type\":\"ListItem\",\"position\":2,\"name\":\"About\"}]},{\"@type\":\"WebSite\",\"@id\":\"https:\/\/xjump.com.br\/#website\",\"url\":\"https:\/\/xjump.com.br\/\",\"name\":\"XJUMP Quantic Business Transformation\",\"description\":\"\",\"publisher\":{\"@id\":\"https:\/\/xjump.com.br\/#organization\"},\"potentialAction\":[{\"@type\":\"SearchAction\",\"target\":{\"@type\":\"EntryPoint\",\"urlTemplate\":\"https:\/\/xjump.com.br\/?s={search_term_string}\"},\"query-input\":{\"@type\":\"PropertyValueSpecification\",\"valueRequired\":true,\"valueName\":\"search_term_string\"}}],\"inLanguage\":\"en-US\"},{\"@type\":\"Organization\",\"@id\":\"https:\/\/xjump.com.br\/#organization\",\"name\":\"XJUMP\",\"url\":\"https:\/\/xjump.com.br\/\",\"logo\":{\"@type\":\"ImageObject\",\"inLanguage\":\"en-US\",\"@id\":\"https:\/\/xjump.com.br\/#\/schema\/logo\/image\/\",\"url\":\"https:\/\/xjump.com.br\/wp-content\/uploads\/2024\/09\/logo-0ca90562-00f0cb2e-e4e2b479-90afcb08-1920w.webp\",\"contentUrl\":\"https:\/\/xjump.com.br\/wp-content\/uploads\/2024\/09\/logo-0ca90562-00f0cb2e-e4e2b479-90afcb08-1920w.webp\",\"width\":813,\"height\":813,\"caption\":\"XJUMP\"},\"image\":{\"@id\":\"https:\/\/xjump.com.br\/#\/schema\/logo\/image\/\"},\"sameAs\":[\"https:\/\/www.instagram.com\/xjump_brazil\",\"https:\/\/www.linkedin.com\/company\/xjump-qbt\"]}]}<\/script>\n<!-- \/ Yoast SEO plugin. -->","yoast_head_json":{"title":"About - XJUMP Quantic Business Transformation","robots":{"index":"index","follow":"follow","max-snippet":"max-snippet:-1","max-image-preview":"max-image-preview:large","max-video-preview":"max-video-preview:-1"},"canonical":"https:\/\/xjump.com.br\/en\/about\/","og_locale":"en_US","og_type":"article","og_title":"About - XJUMP Quantic Business Transformation","og_description":"Conhe\u00e7a os fundadores ESSES SOMOS N\u00d3S Nossos Valores Na XJUMP, nascemos com o prop\u00f3sito de acelerar a transforma\u00e7\u00e3o de empresas, [&hellip;]","og_url":"https:\/\/xjump.com.br\/en\/about\/","og_site_name":"XJUMP Quantic Business Transformation","article_modified_time":"2025-06-18T15:16:07+00:00","og_image":[{"url":"https:\/\/xjump.com.br\/wp-content\/uploads\/2025\/02\/Xjump-Andre-Doro.webp","type":"","width":"","height":""}],"twitter_card":"summary_large_image","twitter_misc":{"Est. reading time":"4 minutes"},"schema":{"@context":"https:\/\/schema.org","@graph":[{"@type":"WebPage","@id":"https:\/\/xjump.com.br\/about\/","url":"https:\/\/xjump.com.br\/about\/","name":"About - XJUMP Quantic Business Transformation","isPartOf":{"@id":"https:\/\/xjump.com.br\/#website"},"primaryImageOfPage":{"@id":"https:\/\/xjump.com.br\/about\/#primaryimage"},"image":{"@id":"https:\/\/xjump.com.br\/about\/#primaryimage"},"thumbnailUrl":"https:\/\/xjump.com.br\/wp-content\/uploads\/2025\/02\/Xjump-Andre-Doro.webp","datePublished":"2025-02-11T14:17:23+00:00","dateModified":"2025-06-18T15:16:07+00:00","breadcrumb":{"@id":"https:\/\/xjump.com.br\/about\/#breadcrumb"},"inLanguage":"en-US","potentialAction":[{"@type":"ReadAction","target":["https:\/\/xjump.com.br\/about\/"]}]},{"@type":"ImageObject","inLanguage":"en-US","@id":"https:\/\/xjump.com.br\/about\/#primaryimage","url":"https:\/\/xjump.com.br\/wp-content\/uploads\/2025\/02\/Xjump-Andre-Doro.webp","contentUrl":"https:\/\/xjump.com.br\/wp-content\/uploads\/2025\/02\/Xjump-Andre-Doro.webp"},{"@type":"BreadcrumbList","@id":"https:\/\/xjump.com.br\/about\/#breadcrumb","itemListElement":[{"@type":"ListItem","position":1,"name":"In\u00edcio","item":"https:\/\/xjump.com.br\/"},{"@type":"ListItem","position":2,"name":"About"}]},{"@type":"WebSite","@id":"https:\/\/xjump.com.br\/#website","url":"https:\/\/xjump.com.br\/","name":"XJUMP Quantic Business Transformation","description":"","publisher":{"@id":"https:\/\/xjump.com.br\/#organization"},"potentialAction":[{"@type":"SearchAction","target":{"@type":"EntryPoint","urlTemplate":"https:\/\/xjump.com.br\/?s={search_term_string}"},"query-input":{"@type":"PropertyValueSpecification","valueRequired":true,"valueName":"search_term_string"}}],"inLanguage":"en-US"},{"@type":"Organization","@id":"https:\/\/xjump.com.br\/#organization","name":"XJUMP","url":"https:\/\/xjump.com.br\/","logo":{"@type":"ImageObject","inLanguage":"en-US","@id":"https:\/\/xjump.com.br\/#\/schema\/logo\/image\/","url":"https:\/\/xjump.com.br\/wp-content\/uploads\/2024\/09\/logo-0ca90562-00f0cb2e-e4e2b479-90afcb08-1920w.webp","contentUrl":"https:\/\/xjump.com.br\/wp-content\/uploads\/2024\/09\/logo-0ca90562-00f0cb2e-e4e2b479-90afcb08-1920w.webp","width":813,"height":813,"caption":"XJUMP"},"image":{"@id":"https:\/\/xjump.com.br\/#\/schema\/logo\/image\/"},"sameAs":["https:\/\/www.instagram.com\/xjump_brazil","https:\/\/www.linkedin.com\/company\/xjump-qbt"]}]}},"uagb_featured_image_src":{"full":false,"thumbnail":false,"medium":false,"medium_large":false,"large":false,"1536x1536":false,"2048x2048":false,"trp-custom-language-flag":false},"uagb_author_info":{"display_name":"gustavo.escobar","author_link":"https:\/\/xjump.com.br\/en\/author\/gustavo-escobar\/"},"uagb_comment_info":0,"uagb_excerpt":"Conhe\u00e7a os fundadores ESSES SOMOS N\u00d3S Nossos Valores Na XJUMP, nascemos com o prop\u00f3sito de acelerar a transforma\u00e7\u00e3o de empresas, [&hellip;]","_links":{"self":[{"href":"https:\/\/xjump.com.br\/en\/wp-json\/wp\/v2\/pages\/1260","targetHints":{"allow":["GET"]}}],"collection":[{"href":"https:\/\/xjump.com.br\/en\/wp-json\/wp\/v2\/pages"}],"about":[{"href":"https:\/\/xjump.com.br\/en\/wp-json\/wp\/v2\/types\/page"}],"author":[{"embeddable":true,"href":"https:\/\/xjump.com.br\/en\/wp-json\/wp\/v2\/users\/1"}],"replies":[{"embeddable":true,"href":"https:\/\/xjump.com.br\/en\/wp-json\/wp\/v2\/comments?post=1260"}],"version-history":[{"count":14,"href":"https:\/\/xjump.com.br\/en\/wp-json\/wp\/v2\/pages\/1260\/revisions"}],"predecessor-version":[{"id":1671,"href":"https:\/\/xjump.com.br\/en\/wp-json\/wp\/v2\/pages\/1260\/revisions\/1671"}],"wp:attachment":[{"href":"https:\/\/xjump.com.br\/en\/wp-json\/wp\/v2\/media?parent=1260"}],"curies":[{"name":"wp","href":"https:\/\/api.w.org\/{rel}","templated":true}]}}